{"id":48,"date":"2024-03-06T01:25:54","date_gmt":"2024-03-06T01:25:54","guid":{"rendered":"https:\/\/neptween.com\/?page_id=48"},"modified":"2025-11-19T03:07:52","modified_gmt":"2025-11-19T03:07:52","slug":"neptween","status":"publish","type":"page","link":"https:\/\/neptween.com\/","title":{"rendered":"Bienvenue chez Neptween"},"content":{"rendered":"\n    \n    <section class=\"u-clearfix u-grey-5 u-section-2\" id=\"block-2\">\n      <div class=\"u-clearfix u-sheet u-valign-middle-lg u-valign-middle-md u-valign-middle-sm u-valign-middle-xs u-sheet-1\">\n        <p class=\"u-align-center u-text u-text-1\">Bienvenue chez Neptween<\/p>\n        <p class=\"u-align-center u-text u-text-2\">Nous sommes un groupe international de soci\u00e9t\u00e9s divis\u00e9 en trois p\u00f4les distincts avec chacun sa sp\u00e9cialit\u00e9 pr\u00e9cise.<\/p>\n        <div class=\"u-list u-list-1\">\n          <div class=\"u-repeater u-repeater-1\">\n            <div class=\"u-container-style u-list-item u-repeater-item\">\n              <div class=\"u-container-layout u-similar-container u-container-layout-1\">\n                <div class=\"u-align-center u-container-align-center u-container-style u-custom-item u-group u-radius u-white u-group-1\" data-href=\"https:\/\/digital.neptween.com\">\n                  <div class=\"u-container-layout u-container-layout-2\">\n                    <img decoding=\"async\" class=\"u-image u-image-contain u-image-default u-image-1\" src=\"https:\/\/neptween.com\/wp-content\/uploads\/2024\/03\/DIGITAL23-1.png\" alt=\"\" data-image-width=\"881\" data-image-height=\"835\">\n                    <p class=\"u-text u-text-3\">DIGITAL<\/p>\n                  <\/div>\n                <\/div>\n              <\/div>\n            <\/div>\n            <div class=\"u-container-style u-list-item u-repeater-item\">\n              <div class=\"u-container-layout u-similar-container u-container-layout-3\">\n                <div class=\"u-align-center u-container-align-center u-container-style u-custom-item u-group u-radius u-white u-group-2\" data-href=\"https:\/\/business.neptween.com\">\n                  <div class=\"u-container-layout u-container-layout-4\">\n                    <img decoding=\"async\" class=\"u-image u-image-contain u-image-default u-image-2\" src=\"https:\/\/neptween.com\/wp-content\/uploads\/2024\/03\/BUSINESS-1.png\" alt=\"\" data-image-width=\"508\" data-image-height=\"412\">\n                    <p class=\"u-text u-text-4\">BUSINESS<\/p>\n                  <\/div>\n                <\/div>\n              <\/div>\n            <\/div>\n            <div class=\"u-container-style u-list-item u-repeater-item\">\n              <div class=\"u-container-layout u-similar-container u-container-layout-5\">\n                <div class=\"u-align-center u-container-align-center u-container-style u-custom-item u-group u-radius u-white u-group-3\" data-href=\"https:\/\/coworking.neptween.com\">\n                  <div class=\"u-container-layout u-container-layout-6\">\n                    <img decoding=\"async\" class=\"u-image u-image-contain u-image-default u-image-3\" src=\"https:\/\/neptween.com\/wp-content\/uploads\/2024\/03\/coworking4-1.png\" alt=\"\" data-image-width=\"198\" data-image-height=\"112\">\n                    <p class=\"u-text u-text-5\">COWORKING<\/p>\n                  <\/div>\n                <\/div>\n              <\/div>\n            <\/div>\n          <\/div>\n        <\/div>\n      <\/div>\n    <\/section>\n    <section class=\"u-clearfix u-white u-section-3\" id=\"block-1\">\n      <div class=\"u-clearfix u-sheet u-valign-middle-lg u-valign-middle-md u-valign-middle-sm u-valign-middle-xs u-sheet-1\">\n        <p class=\"u-align-center u-text u-text-1\">Vous \u00eates actuellement en France, cliquer sur le pays correspondant si vous souhaitez d\u00e9couvrir nos services dans d'autres pays.<\/p>\n        <img decoding=\"async\" class=\"u-image u-image-contain u-image-default u-image-1\" src=\"https:\/\/neptween.com\/wp-content\/uploads\/2025\/11\/IMG-2024-09-004.png\" alt=\"\" data-image-width=\"2265\" data-image-height=\"1119\">\n        <div class=\"u-shape u-shape-rectangle u-shape-1\" data-href=\"https:\/\/cg.neptween.com\"><\/div>\n        <div class=\"u-shape u-shape-rectangle u-shape-2\" data-href=\"https:\/\/ci.neptween.com\"><\/div>\n        <div class=\"u-shape u-shape-rectangle u-shape-3\" data-href=\"https:\/\/neptween.com\"><\/div>\n      <\/div>\n    <\/section>\n    \n    \n    \n  \n","protected":false},"excerpt":{"rendered":"<p>Bienvenue chez Neptween Nous sommes un groupe international de soci\u00e9t\u00e9s divis\u00e9 en trois p\u00f4les distincts avec chacun sa sp\u00e9cialit\u00e9 pr\u00e9cise. DIGITAL BUSINESS COWORKING Vous \u00eates actuellement en France, cliquer sur le pays correspondant si vous souhaitez d\u00e9couvrir nos services dans d&rsquo;autres pays.<\/p>\n","protected":false},"author":1,"featured_media":0,"parent":0,"menu_order":2,"comment_status":"closed","ping_status":"closed","template":"","meta":{"footnotes":""},"class_list":["post-48","page","type-page","status-publish","hentry"],"_links":{"self":[{"href":"https:\/\/neptween.com\/index.php?rest_route=\/wp\/v2\/pages\/48","targetHints":{"allow":["GET"]}}],"collection":[{"href":"https:\/\/neptween.com\/index.php?rest_route=\/wp\/v2\/pages"}],"about":[{"href":"https:\/\/neptween.com\/index.php?rest_route=\/wp\/v2\/types\/page"}],"author":[{"embeddable":true,"href":"https:\/\/neptween.com\/index.php?rest_route=\/wp\/v2\/users\/1"}],"replies":[{"embeddable":true,"href":"https:\/\/neptween.com\/index.php?rest_route=%2Fwp%2Fv2%2Fcomments&post=48"}],"version-history":[{"count":18,"href":"https:\/\/neptween.com\/index.php?rest_route=\/wp\/v2\/pages\/48\/revisions"}],"predecessor-version":[{"id":107,"href":"https:\/\/neptween.com\/index.php?rest_route=\/wp\/v2\/pages\/48\/revisions\/107"}],"wp:attachment":[{"href":"https:\/\/neptween.com\/index.php?rest_route=%2Fwp%2Fv2%2Fmedia&parent=48"}],"curies":[{"name":"wp","href":"https:\/\/api.w.org\/{rel}","templated":true}]}}